{"id":7,"date":"2022-01-25T06:17:07","date_gmt":"2022-01-25T08:17:07","guid":{"rendered":"https:\/\/demosites.royal-elementor-addons.com\/photography-v1\/?page_id=7"},"modified":"2023-03-16T18:10:10","modified_gmt":"2023-03-16T21:10:10","slug":"home-photographer-v1","status":"publish","type":"page","link":"https:\/\/punkjazz.tv\/bologs\/","title":{"rendered":"Home"},"content":{"rendered":"<style>\/*! elementor - v3.6.5 - 27-04-2022 *\/<br \/>\n.elementor-widget-divider{--divider-border-style:none;--divider-border-width:1px;--divider-color:#2c2c2c;--divider-icon-size:20px;--divider-element-spacing:10px;--divider-pattern-height:24px;--divider-pattern-size:20px;--divider-pattern-url:none;--divider-pattern-repeat:repeat-x}.elementor-widget-divider .elementor-divider{display:-webkit-box;display:-ms-flexbox;display:flex}.elementor-widget-divider .elementor-divider__text{font-size:15px;line-height:1;max-width:95%}.elementor-widget-divider .elementor-divider__element{margin:0 var(--divider-element-spacing);-ms-flex-negative:0;flex-shrink:0}.elementor-widget-divider .elementor-icon{font-size:var(--divider-icon-size)}.elementor-widget-divider .elementor-divider-separator{display:-webkit-box;display:-ms-flexbox;display:flex;margin:0;direction:ltr}.elementor-widget-divider--view-line_icon .elementor-divider-separator,.elementor-widget-divider--view-line_text .elementor-divider-separator{-webkit-box-align:center;-ms-flex-align:center;align-items:center}.elementor-widget-divider--view-line_icon .elementor-divider-separator:after,.elementor-widget-divider--view-line_icon .elementor-divider-separator:before,.elementor-widget-divider--view-line_text .elementor-divider-separator:after,.elementor-widget-divider--view-line_text .elementor-divider-separator:before{display:block;content:\"\";border-bottom:0;-webkit-box-flex:1;-ms-flex-positive:1;flex-grow:1;border-top:var(--divider-border-width) var(--divider-border-style) var(--divider-color)}.elementor-widget-divider--element-align-left .elementor-divider .elementor-divider-separator>.elementor-divider__svg:first-of-type{-webkit-box-flex:0;-ms-flex-positive:0;flex-grow:0;-ms-flex-negative:100;flex-shrink:100}.elementor-widget-divider--element-align-left .elementor-divider-separator:before{content:none}.elementor-widget-divider--element-align-left .elementor-divider__element{margin-left:0}.elementor-widget-divider--element-align-right .elementor-divider .elementor-divider-separator>.elementor-divider__svg:last-of-type{-webkit-box-flex:0;-ms-flex-positive:0;flex-grow:0;-ms-flex-negative:100;flex-shrink:100}.elementor-widget-divider--element-align-right .elementor-divider-separator:after{content:none}.elementor-widget-divider--element-align-right .elementor-divider__element{margin-right:0}.elementor-widget-divider:not(.elementor-widget-divider--view-line_text):not(.elementor-widget-divider--view-line_icon) .elementor-divider-separator{border-top:var(--divider-border-width) var(--divider-border-style) var(--divider-color)}.elementor-widget-divider--separator-type-pattern{--divider-border-style:none}.elementor-widget-divider--separator-type-pattern.elementor-widget-divider--view-line .elementor-divider-separator,.elementor-widget-divider--separator-type-pattern:not(.elementor-widget-divider--view-line) .elementor-divider-separator:after,.elementor-widget-divider--separator-type-pattern:not(.elementor-widget-divider--view-line) .elementor-divider-separator:before,.elementor-widget-divider--separator-type-pattern:not([class*=elementor-widget-divider--view]) .elementor-divider-separator{width:100%;min-height:var(--divider-pattern-height);-webkit-mask-size:var(--divider-pattern-size) 100%;mask-size:var(--divider-pattern-size) 100%;-webkit-mask-repeat:var(--divider-pattern-repeat);mask-repeat:var(--divider-pattern-repeat);background-color:var(--divider-color);-webkit-mask-image:var(--divider-pattern-url);mask-image:var(--divider-pattern-url)}.elementor-widget-divider--no-spacing{--divider-pattern-size:auto}.elementor-widget-divider--bg-round{--divider-pattern-repeat:round}.rtl .elementor-widget-divider .elementor-divider__text{direction:rtl}<\/style>\n<p>&#8220;Tudo que parte da m\u00fasica e se transforma em linguagem&#8221;<\/p>\n<p><a href=\"#link\" data-text=\"Go\"><br \/>\nBook Now<br \/>\n<\/a><\/p>\n<style>\/*! elementor - v3.6.5 - 27-04-2022 *\/<br \/>\n.elementor-heading-title{padding:0;margin:0;line-height:1}.elementor-widget-heading .elementor-heading-title[class*=elementor-size-]>a{color:inherit;font-size:inherit;line-height:inherit}.elementor-widget-heading .elementor-heading-title.elementor-size-small{font-size:15px}.elementor-widget-heading .elementor-heading-title.elementor-size-medium{font-size:19px}.elementor-widget-heading .elementor-heading-title.elementor-size-large{font-size:29px}.elementor-widget-heading .elementor-heading-title.elementor-size-xl{font-size:39px}.elementor-widget-heading .elementor-heading-title.elementor-size-xxl{font-size:59px}<\/style>\n<h2>M\u00fasico, diretor e roteirista<\/h2>\n<p>Sou de uma gera\u00e7\u00e3o que aprendeu desenvolvendo linguagem e experimentando tecnologias da TV e da Web<\/p>\n<p><img decoding=\"async\" src=\"http:\/\/punkjazz.tv\/bologs\/wp-content\/uploads\/2022\/01\/icon-2.png\" \/><\/p>\n<h3>DOCUMENT\u00c1RIOS<\/h3>\n<p>Sexualidades e juventudes da Am\u00e9rica Latina e o Caribe, Sustentabilidade e participa\u00e7\u00e3o pol\u00edtica<\/p>\n<h3>Dire\u00e7\u00e3o e cria\u00e7\u00e3o<\/h3>\n<p>XPRESS, PACTO MTV, SECXPRESS YOURSELF, EU REPRESENTO VOC\u00ca A\u00cd NO SEU SOF\u00c1&#8230;<\/p>\n<p><img decoding=\"async\" src=\"http:\/\/punkjazz.tv\/bologs\/wp-content\/uploads\/2022\/01\/icon-3.png\" \/><\/p>\n<h3>PODCASTS e WEB<\/h3>\n<p>Cria\u00e7\u00e3o e produ\u00e7\u00e3o de diferentes formatos que incluem podcasts, videocasts, Lives e web channels<\/p>\n<h3>PODCASTS e WEB<\/h3>\n<p>Participa\u00e7\u00f5es nos podcasts PUNKJAZZ TV, DE MODO GERAL al\u00e9m de entrevistas em diversos outros.<\/p>\n<p><img decoding=\"async\" src=\"http:\/\/punkjazz.tv\/bologs\/wp-content\/uploads\/2022\/01\/icon-6.png\" \/><\/p>\n<h3>REDATOR E ROTEIRISTA<\/h3>\n<p>Trabalhos de cria\u00e7\u00e3o para MTV, Unicef, Nickeodeon, SESC, Media 365, Ford entre<\/p>\n<h3>cria\u00e7\u00e3o e texto<\/h3>\n<p>Desligue a TV e V\u00e1 Ler um Livro, campanha de preven\u00e7\u00e3o ao HIV\/AIDS, participa\u00e7\u00e3o pol\u00edtica entre outras<\/p>\n<p><a href=\"#link\" data-text=\"Go\"><br \/>\nView All Services<br \/>\n<\/a><\/p>\n<h2>Portf\u00f3lio de trabalhos<\/h2>\n<ul>\n<li>All Photos<\/li>\n<li>Couples<\/li>\n<li>Personal<\/li>\n<li>Xtreme<\/li>\n<\/ul>\n<section data-settings=\"{&quot;layout&quot;:&quot;masonry&quot;,&quot;columns_desktop&quot;:&quot;3&quot;,&quot;gutter_hr&quot;:10,&quot;gutter_vr&quot;:10,&quot;animation&quot;:&quot;default&quot;,&quot;animation_duration&quot;:0.299999999999999988897769753748434595763683319091796875,&quot;animation_delay&quot;:0.1000000000000000055511151231257827021181583404541015625,&quot;deeplinking&quot;:&quot;&quot;,&quot;filters_default_filter&quot;:&quot;&quot;,&quot;filters_linkable&quot;:&quot;no&quot;,&quot;filters_count&quot;:&quot;&quot;,&quot;filters_hide_empty&quot;:&quot;no&quot;,&quot;filters_animation&quot;:&quot;default&quot;,&quot;filters_animation_duration&quot;:0.299999999999999988897769753748434595763683319091796875,&quot;filters_animation_delay&quot;:0.1000000000000000055511151231257827021181583404541015625,&quot;pagination_type&quot;:&quot;load-more&quot;,&quot;pagination_max_pages&quot;:1,&quot;lightbox&quot;:{&quot;selector&quot;:&quot;.wpr-grid-image-wrap&quot;,&quot;iframeMaxWidth&quot;:&quot;60%&quot;,&quot;hash&quot;:false,&quot;autoplay&quot;:&quot;true&quot;,&quot;pause&quot;:5000,&quot;progressBar&quot;:&quot;true&quot;,&quot;counter&quot;:&quot;true&quot;,&quot;controls&quot;:&quot;true&quot;,&quot;getCaptionFromTitleOrAlt&quot;:&quot;true&quot;,&quot;thumbnail&quot;:&quot;&quot;,&quot;showThumbByDefault&quot;:&quot;&quot;,&quot;share&quot;:&quot;&quot;,&quot;zoom&quot;:&quot;true&quot;,&quot;fullScreen&quot;:&quot;true&quot;,&quot;download&quot;:&quot;true&quot;}}\">\n<article><img decoding=\"async\" src=\"http:\/\/punkjazz.tv\/bologs\/wp-content\/uploads\/2015\/08\/skater.jpg\" alt=\"Eu Represento Voc\u00ea\" \/><\/p>\n<h2><\/h2>\n<\/article>\n<article><img decoding=\"async\" src=\"http:\/\/punkjazz.tv\/bologs\/wp-content\/uploads\/2013\/06\/cropped-hidrante.jpg\" alt=\"Pacto MTV\" \/><\/p>\n<h2><\/h2>\n<\/article>\n<article><img decoding=\"async\" src=\"http:\/\/punkjazz.tv\/bologs\/wp-content\/uploads\/2014\/06\/primeira_missa.jpg\" alt=\"A Primeira Missa\" \/><\/p>\n<h2><\/h2>\n<\/article>\n<article><img decoding=\"async\" src=\"http:\/\/punkjazz.tv\/bologs\/wp-content\/uploads\/2013\/06\/cropped-fogo.jpg\" alt=\"cropped-fogo.jpg\" \/><\/p>\n<h2><\/h2>\n<\/article>\n<article><img decoding=\"async\" src=\"http:\/\/punkjazz.tv\/bologs\/wp-content\/uploads\/2022\/04\/POEMACOMBATE.png\" alt=\"Todas as Sombras do Para\u00edso\" \/><\/p>\n<h2><\/h2>\n<\/article>\n<article><img decoding=\"async\" src=\"http:\/\/punkjazz.tv\/bologs\/wp-content\/uploads\/2015\/08\/blacwhite.jpg\" alt=\"blac&amp;white\" \/><\/p>\n<h2><\/h2>\n<\/article>\n<article><img decoding=\"async\" src=\"http:\/\/punkjazz.tv\/bologs\/wp-content\/uploads\/2023\/03\/DSC5662-1-1.jpg\" alt=\"PoemaCombate\" \/><\/p>\n<h2><\/h2>\n<\/article>\n<article><img decoding=\"async\" src=\"http:\/\/punkjazz.tv\/bologs\/wp-content\/uploads\/2023\/03\/Screenshot_20230313-1357372.png\" alt=\"El Brujo Garcia\" \/><\/p>\n<h2><\/h2>\n<\/article>\n<article><img decoding=\"async\" src=\"http:\/\/punkjazz.tv\/bologs\/wp-content\/uploads\/2017\/01\/cropped-PJ_POA3-1.png\" alt=\"Punkjazz\" \/><\/p>\n<h2><\/h2>\n<\/article>\n<\/section>\n<h2><\/h2>\n<h2>Timeline<\/h2>\n<p>Resumo da experi\u00eancia profissional e projetos de cria\u00e7\u00e3o<\/p>\n<p>1998<\/p>\n<article data-item-id=\"elementor-repeater-item-815ef58\"><time data-aos=\"fade\" data-aos-left=\"\" data-aos-right=\"\" data-animation-offset=\"150\" data-animation-duration=\"600\">Jan 1998-2010MTV<\/time><\/p>\n<p><a href=\"https:\/\/vimeo.com\/9531023\" target=\"_blank\" rel=\"nofollow noopener\">MTV<\/a><\/p>\n<p>Redator de Cria\u00e7\u00e3o\/Dire\u00e7\u00e3o.\u00a0Campanhas de responsabilidade social e document\u00e1rios.\u00a0Xpress, Plano MTV, Desligue a TV e v\u00e1 ler um Livro, Preven\u00e7\u00e3o ao HIV\/AIDS<\/p>\n<\/article>\n<article data-item-id=\"elementor-repeater-item-53e0326\"><time data-aos=\"fade\" data-aos-left=\"\" data-aos-right=\"\" data-animation-offset=\"150\" data-animation-duration=\"600\">March 2012-2014Produtor independente<\/time><\/p>\n<p><a href=\"https:\/\/vimeo.com\/63847431\" target=\"_blank\" rel=\"nofollow noopener\">PunkjazzTV<\/a><\/p>\n<p>Cria\u00e7\u00e3o e desenvolvimento campanhas para clientes como Mitsubishi, Nickeldeon e Polis Digital. Campanhas eleitorais (Fernando Haddad; Alexandre Padilha)<\/p>\n<\/article>\n<p>2022<\/p>\n<article data-item-id=\"elementor-repeater-item-cd7cf03\"><time data-aos=\"fade\" data-aos-left=\"\" data-aos-right=\"\" data-animation-offset=\"150\" data-animation-duration=\"600\">Podcasts e WebchannelsComunica\u00e7\u00e3o na web<\/time><\/p>\n<p><a href=\"https:\/\/youtu.be\/5YFWf8Hk6tk\" target=\"_blank\" rel=\"nofollow noopener\">WEB e Redes sociais<\/a><\/p>\n<p>Web document\u00e1rios, cria\u00e7\u00e3o e participa\u00e7\u00e3o de podcasts, lives. Punkjazz,De Modo Geral<\/p>\n<\/article>\n<article data-item-id=\"elementor-repeater-item-2225ef7\"><time data-aos=\"fade\" data-aos-left=\"\" data-aos-right=\"\" data-animation-offset=\"150\" data-animation-duration=\"600\">September 2021-2022Projetos em m\u00fasica. Roteirista.<\/time><\/p>\n<p><a href=\"https:\/\/youtu.be\/K_H972cIO4c\" target=\"_blank\" rel=\"nofollow noopener\">M\u00fasico, roteirista e v\u00eddeo <\/a><\/p>\n<section id=\"keys\">Compositor e instrumentista associando meu trabalho como diretor de v\u00eddeo em projetos como PoemaCombate e El Brujo Garcia e colabora\u00e7\u00f5es em\u00a0 projetos do Pequeno Cidad\u00e3o e Edgard Scandurra, entre outros<\/section>\n<\/article>\n<h2>Projetos em andamento<\/h2>\n<p><img decoding=\"async\" src=\"http:\/\/punkjazz.tv\/bologs\/wp-content\/uploads\/2023\/03\/logo-botao-site-punkjazz4.png\" alt=\"PoemaCombate\" \/><\/p>\n<h3>PoemaCombate<\/h3>\n<p><a href=\"https:\/\/www.facebook.com\/PoemaCombate\/\"><br \/>\n<\/a><br \/>\n<a href=\"https:\/\/www.instagram.com\/poemacombate\/\"><br \/>\n<\/a><br \/>\n<img decoding=\"async\" src=\"http:\/\/punkjazz.tv\/bologs\/wp-content\/uploads\/2023\/03\/elbrujo.png\" alt=\"El Brujo Garcia\" \/><\/p>\n<h3>El Brujo Garcia<\/h3>\n<p><a href=\"https:\/\/www.facebook.com\/GarciaBrujo\"><br \/>\n<\/a><br \/>\n<a href=\"http:\/\/www.punkjazz.tv\/brujo.html\"><br \/>\n<\/a><br \/>\n<img decoding=\"async\" src=\"http:\/\/punkjazz.tv\/bologs\/wp-content\/uploads\/2023\/03\/logo2015_laranja2.png\" alt=\"PunkjazzTV\" \/><\/p>\n<h3>PunkjazzTV<\/h3>\n<p><a href=\"https:\/\/www.facebook.com\/punkjazzTV\"><br \/>\n<\/a><br \/>\n<a href=\"https:\/\/twitter.com\/punkjazzTV\"><br \/>\n<\/a><\/p>\n","protected":false},"excerpt":{"rendered":"<p>&#8220;Tudo que parte da m\u00fasica e se transforma em linguagem&#8221; Book Now M\u00fasico, diretor e roteirista Sou de uma gera\u00e7\u00e3o que aprendeu desenvolvendo linguagem e experimentando tecnologias da TV e da Web DOCUMENT\u00c1RIOS Sexualidades e juventudes da Am\u00e9rica Latina e o Caribe, Sustentabilidade e participa\u00e7\u00e3o pol\u00edtica Dire\u00e7\u00e3o e cria\u00e7\u00e3o XPRESS, PACTO MTV, SECXPRESS YOURSELF, EU [&hellip;]<\/p>\n","protected":false},"author":1,"featured_media":0,"parent":0,"menu_order":0,"comment_status":"closed","ping_status":"closed","template":"elementor_canvas","meta":{"footnotes":""},"_links":{"self":[{"href":"https:\/\/punkjazz.tv\/bologs\/index.php?rest_route=\/wp\/v2\/pages\/7"}],"collection":[{"href":"https:\/\/punkjazz.tv\/bologs\/index.php?rest_route=\/wp\/v2\/pages"}],"about":[{"href":"https:\/\/punkjazz.tv\/bologs\/index.php?rest_route=\/wp\/v2\/types\/page"}],"author":[{"embeddable":true,"href":"https:\/\/punkjazz.tv\/bologs\/index.php?rest_route=\/wp\/v2\/users\/1"}],"replies":[{"embeddable":true,"href":"https:\/\/punkjazz.tv\/bologs\/index.php?rest_route=%2Fwp%2Fv2%2Fcomments&post=7"}],"version-history":[{"count":92,"href":"https:\/\/punkjazz.tv\/bologs\/index.php?rest_route=\/wp\/v2\/pages\/7\/revisions"}],"predecessor-version":[{"id":6818,"href":"https:\/\/punkjazz.tv\/bologs\/index.php?rest_route=\/wp\/v2\/pages\/7\/revisions\/6818"}],"wp:attachment":[{"href":"https:\/\/punkjazz.tv\/bologs\/index.php?rest_route=%2Fwp%2Fv2%2Fmedia&parent=7"}],"curies":[{"name":"wp","href":"https:\/\/api.w.org\/{rel}","templated":true}]}}